{"id":111,"date":"2026-04-01T22:10:54","date_gmt":"2026-04-01T20:10:54","guid":{"rendered":"https:\/\/ristoranteroma.pl\/?page_id=111"},"modified":"2026-04-01T22:12:52","modified_gmt":"2026-04-01T20:12:52","slug":"horeca","status":"publish","type":"page","link":"https:\/\/ristoranteroma.pl\/index.php\/horeca\/","title":{"rendered":"HoReCa"},"content":{"rendered":"<div class=\"et_pb_section_0 et_pb_section et_section_regular et_flex_section\">\n<div class=\"et_pb_row_0 et_pb_row et_flex_row\">\n<div class=\"et_pb_column_0 et_pb_column et-last-child et_flex_column et_pb_css_mix_blend_mode_passthrough et_flex_column_24_24 et_flex_column_24_24_tablet et_flex_column_24_24_phone\">\n<div class=\"et_pb_image_0 et_pb_image et_pb_module et_flex_module\"><span class=\"et_pb_image_wrap\"><img loading=\"lazy\" decoding=\"async\" src=\"http:\/\/ristoranteroma.pl\/wp-content\/uploads\/2026\/04\/KPO_naklejka_wersja-podstawowa-scaled.avif\" title=\"KPO_naklejka_wersja podstawowa\" width=\"2560\" height=\"328\" srcset=\"https:\/\/ristoranteroma.pl\/wp-content\/uploads\/2026\/04\/KPO_naklejka_wersja-podstawowa-scaled.avif 2560w, https:\/\/ristoranteroma.pl\/wp-content\/uploads\/2026\/04\/KPO_naklejka_wersja-podstawowa-300x38.avif 300w, https:\/\/ristoranteroma.pl\/wp-content\/uploads\/2026\/04\/KPO_naklejka_wersja-podstawowa-1024x131.avif 1024w, https:\/\/ristoranteroma.pl\/wp-content\/uploads\/2026\/04\/KPO_naklejka_wersja-podstawowa-768x98.avif 768w, https:\/\/ristoranteroma.pl\/wp-content\/uploads\/2026\/04\/KPO_naklejka_wersja-podstawowa-1536x197.avif 1536w, https:\/\/ristoranteroma.pl\/wp-content\/uploads\/2026\/04\/KPO_naklejka_wersja-podstawowa-2048x262.avif 2048w, https:\/\/ristoranteroma.pl\/wp-content\/uploads\/2026\/04\/KPO_naklejka_wersja-podstawowa-1080x138.avif 1080w, https:\/\/ristoranteroma.pl\/wp-content\/uploads\/2026\/04\/KPO_naklejka_wersja-podstawowa-1280x164.avif 1280w, https:\/\/ristoranteroma.pl\/wp-content\/uploads\/2026\/04\/KPO_naklejka_wersja-podstawowa-980x126.avif 980w, https:\/\/ristoranteroma.pl\/wp-content\/uploads\/2026\/04\/KPO_naklejka_wersja-podstawowa-480x62.avif 480w\" sizes=\"(max-width: 2560px) 100vw, 2560px\" class=\"wp-image-65\" \/><\/span><\/div>\n<\/div>\n<\/div>\n<\/div>\n\n<div class=\"et_pb_section_1 et_pb_section et_section_regular et_flex_section\">\n<div class=\"et_pb_row_1 et_pb_row et_flex_row\">\n<div class=\"et_pb_column_1 et_pb_column et-last-child et_flex_column et_pb_css_mix_blend_mode_passthrough et_flex_column_24_24 et_flex_column_24_24_tablet et_flex_column_24_24_phone\">\n<div class=\"et_pb_text_0 et_pb_text et_pb_bg_layout_light et_pb_module et_flex_module\"><div class=\"et_pb_text_inner\"><h1 style=\"text-align: center;\"><strong><span class=\"a_GcMg font-feature-liga-off font-feature-clig-off font-feature-calt-off text-decoration-none text-strikethrough-none\">Projekt wsp\u00f3\u0142finansowany ze \u015brodk\u00f3w Unii Europejskiej w ramach Krajowego Planu Odbudowy i Zwi\u0119kszania Odporno\u015bci (KPO), finansowanego z instrumentu NextGenerationEU<\/span><\/strong><\/h1>\n<\/div><\/div>\n<\/div>\n<\/div>\n\n<div class=\"et_pb_row_2 et_pb_row et_flex_row\">\n<div class=\"et_pb_column_2 et_pb_column et_flex_column et_pb_css_mix_blend_mode_passthrough et_flex_column_12_24 et_flex_column_12_24_tablet et_flex_column_24_24_phone\">\n<div class=\"et_pb_text_1 et_pb_text et_pb_bg_layout_light et_pb_module et_flex_module\"><div class=\"et_pb_text_inner\"><h4 style=\"text-align: left;\"><span class=\"a_GcMg font-feature-liga-off font-feature-clig-off font-feature-calt-off text-decoration-none text-strikethrough-none\"><strong>Nazwa projektu:<\/strong> Dywersyfikacja, wdro\u017cenie nowych us\u0142ug\/produkt\u00f3w i zwi\u0119kszenie odporno\u015bci na kryzys w Restauracji Roma w Poznaniu (Region 5 - woj. wielkopolskie)<\/span><\/h4>\n<\/div><\/div>\n<\/div>\n\n<div class=\"et_pb_column_3 et_pb_column et-last-child et_flex_column et_pb_css_mix_blend_mode_passthrough et_flex_column_12_24 et_flex_column_12_24_tablet et_flex_column_24_24_phone\">\n<div class=\"et_pb_text_2 et_pb_text et_pb_bg_layout_light et_pb_module et_flex_module\"><div class=\"et_pb_text_inner\"><h4 class=\"cvGsUA direction-ltr align-center para-style-body\"><span class=\"a_GcMg font-feature-liga-off font-feature-clig-off font-feature-calt-off text-decoration-underline text-strikethrough-none\"><strong>Cel projektu:<\/strong> <\/span><span class=\"a_GcMg font-feature-liga-off font-feature-clig-off font-feature-calt-off text-decoration-none text-strikethrough-none\">Zwi\u0119kszenie konkurencyjno\u015bci i odporno\u015bci Restauracji Roma poprzez rozszerzenie oferty (makarony bezglutenowe, lody w\u0142asnej produkcji), rozw\u00f3j us\u0142ug dostaw na wynos oraz cyfryzacj\u0119 obs\u0142ugi klient\u00f3w.<\/span><\/h4>\n<\/div><\/div>\n<\/div>\n<\/div>\n\n<div class=\"et_pb_row_3 et_pb_row et_flex_row\">\n<div class=\"et_pb_column_4 et_pb_column et-last-child et_flex_column et_pb_css_mix_blend_mode_passthrough et_flex_column_24_24 et_flex_column_24_24_tablet et_flex_column_24_24_phone\">\n<div class=\"et_pb_text_3 et_pb_text et_pb_bg_layout_light et_pb_module et_flex_module\"><div class=\"et_pb_text_inner\"><h3 style=\"text-align: center;\"><span class=\"a_GcMg font-feature-liga-off font-feature-clig-off font-feature-calt-off text-decoration-underline text-strikethrough-none\"><strong>Kwota wsparcia:<\/strong> <\/span><span class=\"a_GcMg font-feature-liga-off font-feature-clig-off font-feature-calt-off text-strikethrough-none text-decoration-none\">351 989,58 PLN (90% dofinansowania)<\/span><\/h3>\n<\/div><\/div>\n<\/div>\n<\/div>\n<\/div>","protected":false},"excerpt":{"rendered":"","protected":false},"author":1,"featured_media":0,"parent":0,"menu_order":0,"comment_status":"closed","ping_status":"closed","template":"","meta":{"footnotes":""},"class_list":["post-111","page","type-page","status-publish","hentry"],"_links":{"self":[{"href":"https:\/\/ristoranteroma.pl\/index.php\/wp-json\/wp\/v2\/pages\/111","targetHints":{"allow":["GET"]}}],"collection":[{"href":"https:\/\/ristoranteroma.pl\/index.php\/wp-json\/wp\/v2\/pages"}],"about":[{"href":"https:\/\/ristoranteroma.pl\/index.php\/wp-json\/wp\/v2\/types\/page"}],"author":[{"embeddable":true,"href":"https:\/\/ristoranteroma.pl\/index.php\/wp-json\/wp\/v2\/users\/1"}],"replies":[{"embeddable":true,"href":"https:\/\/ristoranteroma.pl\/index.php\/wp-json\/wp\/v2\/comments?post=111"}],"version-history":[{"count":5,"href":"https:\/\/ristoranteroma.pl\/index.php\/wp-json\/wp\/v2\/pages\/111\/revisions"}],"predecessor-version":[{"id":116,"href":"https:\/\/ristoranteroma.pl\/index.php\/wp-json\/wp\/v2\/pages\/111\/revisions\/116"}],"wp:attachment":[{"href":"https:\/\/ristoranteroma.pl\/index.php\/wp-json\/wp\/v2\/media?parent=111"}],"curies":[{"name":"wp","href":"https:\/\/api.w.org\/{rel}","templated":true}]}}