{"id":77,"date":"2026-04-01T18:11:28","date_gmt":"2026-04-01T16:11:28","guid":{"rendered":"https:\/\/ristoranteroma.pl\/?page_id=77"},"modified":"2026-04-01T22:02:19","modified_gmt":"2026-04-01T20:02:19","slug":"menu-restauracji","status":"publish","type":"page","link":"https:\/\/ristoranteroma.pl\/index.php\/menu-restauracji\/","title":{"rendered":"Menu restauracji"},"content":{"rendered":"<div class=\"et_pb_section_0 et_pb_section et_section_regular et_flex_section\">\n<div class=\"et_pb_row_0 et_pb_row et_flex_row\">\n<div class=\"et_pb_column_0 et_pb_column et-last-child et_flex_column et_pb_css_mix_blend_mode_passthrough et_flex_column_24_24 et_flex_column_24_24_tablet et_flex_column_24_24_phone\">\n<div class=\"et_pb_image_0 et_pb_image et_pb_module et_flex_module\"><span class=\"et_pb_image_wrap\"><img loading=\"lazy\" decoding=\"async\" src=\"http:\/\/ristoranteroma.pl\/wp-content\/uploads\/2026\/04\/KPO_naklejka_wersja-podstawowa-scaled.avif\" title=\"KPO_naklejka_wersja podstawowa\" width=\"2560\" height=\"328\" srcset=\"https:\/\/ristoranteroma.pl\/wp-content\/uploads\/2026\/04\/KPO_naklejka_wersja-podstawowa-scaled.avif 2560w, https:\/\/ristoranteroma.pl\/wp-content\/uploads\/2026\/04\/KPO_naklejka_wersja-podstawowa-300x38.avif 300w, https:\/\/ristoranteroma.pl\/wp-content\/uploads\/2026\/04\/KPO_naklejka_wersja-podstawowa-1024x131.avif 1024w, https:\/\/ristoranteroma.pl\/wp-content\/uploads\/2026\/04\/KPO_naklejka_wersja-podstawowa-768x98.avif 768w, https:\/\/ristoranteroma.pl\/wp-content\/uploads\/2026\/04\/KPO_naklejka_wersja-podstawowa-1536x197.avif 1536w, https:\/\/ristoranteroma.pl\/wp-content\/uploads\/2026\/04\/KPO_naklejka_wersja-podstawowa-2048x262.avif 2048w, https:\/\/ristoranteroma.pl\/wp-content\/uploads\/2026\/04\/KPO_naklejka_wersja-podstawowa-1080x138.avif 1080w, https:\/\/ristoranteroma.pl\/wp-content\/uploads\/2026\/04\/KPO_naklejka_wersja-podstawowa-1280x164.avif 1280w, https:\/\/ristoranteroma.pl\/wp-content\/uploads\/2026\/04\/KPO_naklejka_wersja-podstawowa-980x126.avif 980w, https:\/\/ristoranteroma.pl\/wp-content\/uploads\/2026\/04\/KPO_naklejka_wersja-podstawowa-480x62.avif 480w\" sizes=\"(max-width: 2560px) 100vw, 2560px\" class=\"wp-image-65\" \/><\/span><\/div>\n<\/div>\n<\/div>\n<\/div>\n\n<div class=\"et_pb_section_1 et_pb_section et_section_regular et_block_section\">\n<div class=\"et_pb_row_1 et_pb_row et_block_row preset--module--divi-row--5138c454-be54-4233-bd3b-f8e6a8747976\">\n<div class=\"et_pb_column_1 et_pb_column et_pb_column_4_4 et-last-child et_block_column et_pb_css_mix_blend_mode_passthrough preset--module--divi-column--73121f80-a3ef-4484-8763-c3f18e3c56d2\">\n<div class=\"et_pb_heading_0 et_pb_heading et_pb_module et_block_module preset--module--divi-heading--c33f07d9-41e0-421a-8799-5799df695cce\"><div class=\"et_pb_heading_container\"><h2 class=\"et_pb_module_header\">Nasze Menu<\/h2><\/div><\/div>\n<\/div>\n<\/div>\n\n<div class=\"et_pb_row_2 et_pb_row et_block_row preset--module--divi-row--5138c454-be54-4233-bd3b-f8e6a8747976\">\n<div class=\"et_pb_column_2 et_pb_column et_pb_column_1_2 et_block_column et_pb_css_mix_blend_mode_passthrough preset--module--divi-column--73121f80-a3ef-4484-8763-c3f18e3c56d2\">\n<div class=\"et_pb_heading_1 et_pb_heading et_pb_module et_block_module preset--module--divi-heading--ba4a6336-701f-47b8-bf5c-09da0ce28016\"><div class=\"et_pb_heading_container\"><h3 class=\"et_pb_module_header\">Przystawki<\/h3><\/div><\/div>\n\n<div class=\"et_pb_heading_2 et_pb_heading et_pb_module et_block_module preset--module--divi-heading--a3805066-8711-43c7-9f62-5782da0e9f7a\"><div class=\"et_pb_heading_container\"><h5 class=\"et_pb_module_header\">Bruschetta al Pomodoro<\/h5><\/div><\/div>\n\n<div class=\"et_pb_text_0 et_pb_text et_pb_bg_layout_light et_pb_module et_block_module preset--module--divi-text--2c55a9c4-feed-423b-9edb-ae0b5b365cac\"><div class=\"et_pb_text_inner\"><p>Chrupi\u0105cy chleb z pomidorami, bazyli\u0105 i oliw\u0105 z oliwek.<\/p>\n<\/div><\/div>\n\n<div class=\"et_pb_text_1 et_pb_text et_pb_bg_layout_light et_pb_module et_block_module ai_ignore_all preset--module--divi-text--2c55a9c4-feed-423b-9edb-ae0b5b365cac\"><div class=\"et_pb_text_inner\"><p>20 PLN<\/p>\n<\/div><\/div>\n\n<div class=\"et_pb_heading_3 et_pb_heading et_pb_module et_block_module preset--module--divi-heading--a3805066-8711-43c7-9f62-5782da0e9f7a\"><div class=\"et_pb_heading_container\"><h5 class=\"et_pb_module_header\">Carpaccio di Manzo<\/h5><\/div><\/div>\n\n<div class=\"et_pb_text_2 et_pb_text et_pb_bg_layout_light et_pb_module et_block_module preset--module--divi-text--2c55a9c4-feed-423b-9edb-ae0b5b365cac\"><div class=\"et_pb_text_inner\"><p>Cienkie plastry wo\u0142owiny z rukol\u0105 i parmezanem.<\/p>\n<\/div><\/div>\n\n<div class=\"et_pb_text_3 et_pb_text et_pb_bg_layout_light et_pb_module et_block_module ai_ignore_all preset--module--divi-text--2c55a9c4-feed-423b-9edb-ae0b5b365cac\"><div class=\"et_pb_text_inner\"><p>35 PLN<\/p>\n<\/div><\/div>\n\n<div class=\"et_pb_heading_4 et_pb_heading et_pb_module et_block_module preset--module--divi-heading--ba4a6336-701f-47b8-bf5c-09da0ce28016\"><div class=\"et_pb_heading_container\"><h3 class=\"et_pb_module_header\">Zupy<\/h3><\/div><\/div>\n\n<div class=\"et_pb_heading_5 et_pb_heading et_pb_module et_block_module preset--module--divi-heading--a3805066-8711-43c7-9f62-5782da0e9f7a\"><div class=\"et_pb_heading_container\"><h5 class=\"et_pb_module_header\">Zuppa di Pomodoro<\/h5><\/div><\/div>\n\n<div class=\"et_pb_text_4 et_pb_text et_pb_bg_layout_light et_pb_module et_block_module preset--module--divi-text--2c55a9c4-feed-423b-9edb-ae0b5b365cac\"><div class=\"et_pb_text_inner\"><p>Aromatyczna zupa pomidorowa z bazyli\u0105.<\/p>\n<\/div><\/div>\n\n<div class=\"et_pb_text_5 et_pb_text et_pb_bg_layout_light et_pb_module et_block_module ai_ignore_all preset--module--divi-text--2c55a9c4-feed-423b-9edb-ae0b5b365cac\"><div class=\"et_pb_text_inner\"><p>18 PLN<\/p>\n<\/div><\/div>\n\n<div class=\"et_pb_heading_6 et_pb_heading et_pb_module et_block_module preset--module--divi-heading--a3805066-8711-43c7-9f62-5782da0e9f7a\"><div class=\"et_pb_heading_container\"><h5 class=\"et_pb_module_header\">Minestrone<\/h5><\/div><\/div>\n\n<div class=\"et_pb_text_6 et_pb_text et_pb_bg_layout_light et_pb_module et_block_module preset--module--divi-text--2c55a9c4-feed-423b-9edb-ae0b5b365cac\"><div class=\"et_pb_text_inner\"><p>Tradycyjna w\u0142oska zupa warzywna.<\/p>\n<\/div><\/div>\n\n<div class=\"et_pb_text_7 et_pb_text et_pb_bg_layout_light et_pb_module et_block_module ai_ignore_all preset--module--divi-text--2c55a9c4-feed-423b-9edb-ae0b5b365cac\"><div class=\"et_pb_text_inner\"><p>22 PLN<\/p>\n<\/div><\/div>\n\n<div class=\"et_pb_heading_7 et_pb_heading et_pb_module et_block_module preset--module--divi-heading--a3805066-8711-43c7-9f62-5782da0e9f7a\"><div class=\"et_pb_heading_container\"><h5 class=\"et_pb_module_header\">Sa\u0142atki<\/h5><\/div><\/div>\n\n<div class=\"et_pb_text_8 et_pb_text et_pb_bg_layout_light et_pb_module et_block_module preset--module--divi-text--2c55a9c4-feed-423b-9edb-ae0b5b365cac\"><div class=\"et_pb_text_inner\"><p>Menu Item Description<\/p>\n<\/div><\/div>\n\n<div class=\"et_pb_text_9 et_pb_text et_pb_bg_layout_light et_pb_module et_block_module ai_ignore_all preset--module--divi-text--2c55a9c4-feed-423b-9edb-ae0b5b365cac\"><div class=\"et_pb_text_inner\"><p>\u015awie\u017ca mozzarella, pomidory i bazylia.<\/p>\n<\/div><\/div>\n\n<div class=\"et_pb_heading_8 et_pb_heading et_pb_module et_block_module preset--module--divi-heading--a3805066-8711-43c7-9f62-5782da0e9f7a\"><div class=\"et_pb_heading_container\"><h5 class=\"et_pb_module_header\">Menu Item Name<\/h5><\/div><\/div>\n\n<div class=\"et_pb_text_10 et_pb_text et_pb_bg_layout_light et_pb_module et_block_module preset--module--divi-text--2c55a9c4-feed-423b-9edb-ae0b5b365cac\"><div class=\"et_pb_text_inner\"><p>Menu Item Description<\/p>\n<\/div><\/div>\n\n<div class=\"et_pb_text_11 et_pb_text et_pb_bg_layout_light et_pb_module et_block_module ai_ignore_all preset--module--divi-text--2c55a9c4-feed-423b-9edb-ae0b5b365cac\"><div class=\"et_pb_text_inner\"><p>$10<\/p>\n<\/div><\/div>\n<\/div>\n\n<div class=\"et_pb_column_3 et_pb_column et_pb_column_1_2 et-last-child et_block_column et_pb_css_mix_blend_mode_passthrough preset--module--divi-column--c2f625f9-9ceb-49cd-b55b-91a31f8373ff\">\n<div class=\"et_pb_heading_9 et_pb_heading et_pb_module et_block_module preset--module--divi-heading--ba4a6336-701f-47b8-bf5c-09da0ce28016\"><div class=\"et_pb_heading_container\"><h3 class=\"et_pb_module_header\">Pizza<\/h3><\/div><\/div>\n\n<div class=\"et_pb_heading_10 et_pb_heading et_pb_module et_block_module preset--module--divi-heading--a3805066-8711-43c7-9f62-5782da0e9f7a\"><div class=\"et_pb_heading_container\"><h5 class=\"et_pb_module_header\">Margherita<\/h5><\/div><\/div>\n\n<div class=\"et_pb_text_12 et_pb_text et_pb_bg_layout_light et_pb_module et_block_module preset--module--divi-text--2c55a9c4-feed-423b-9edb-ae0b5b365cac\"><div class=\"et_pb_text_inner\"><p>Klasyczna pizza z sosem pomidorowym i mozzarell\u0105.<\/p>\n<\/div><\/div>\n\n<div class=\"et_pb_text_13 et_pb_text et_pb_bg_layout_light et_pb_module et_block_module ai_ignore_all preset--module--divi-text--2c55a9c4-feed-423b-9edb-ae0b5b365cac\"><div class=\"et_pb_text_inner\"><p>30 PLN<\/p>\n<\/div><\/div>\n\n<div class=\"et_pb_heading_11 et_pb_heading et_pb_module et_block_module preset--module--divi-heading--a3805066-8711-43c7-9f62-5782da0e9f7a\"><div class=\"et_pb_heading_container\"><h5 class=\"et_pb_module_header\">Quattro Stagioni<\/h5><\/div><\/div>\n\n<div class=\"et_pb_text_14 et_pb_text et_pb_bg_layout_light et_pb_module et_block_module preset--module--divi-text--2c55a9c4-feed-423b-9edb-ae0b5b365cac\"><div class=\"et_pb_text_inner\"><p>Pizza z szynk\u0105, karczochami, pieczarkami i oliwkami.<\/p>\n<\/div><\/div>\n\n<div class=\"et_pb_text_15 et_pb_text et_pb_bg_layout_light et_pb_module et_block_module ai_ignore_all preset--module--divi-text--2c55a9c4-feed-423b-9edb-ae0b5b365cac\"><div class=\"et_pb_text_inner\"><p>38 PLN<\/p>\n<\/div><\/div>\n\n<div class=\"et_pb_heading_12 et_pb_heading et_pb_module et_block_module preset--module--divi-heading--a3805066-8711-43c7-9f62-5782da0e9f7a\"><div class=\"et_pb_heading_container\"><h5 class=\"et_pb_module_header\">Makarony \/ Gnocchi \/ Risotto<\/h5><\/div><\/div>\n\n<div class=\"et_pb_text_16 et_pb_text et_pb_bg_layout_light et_pb_module et_block_module preset--module--divi-text--2c55a9c4-feed-423b-9edb-ae0b5b365cac\"><div class=\"et_pb_text_inner\"><p>Menu Item Description<\/p>\n<\/div><\/div>\n\n<div class=\"et_pb_text_17 et_pb_text et_pb_bg_layout_light et_pb_module et_block_module ai_ignore_all preset--module--divi-text--2c55a9c4-feed-423b-9edb-ae0b5b365cac\"><div class=\"et_pb_text_inner\"><p>Tradycyjny makaron z jajkiem, pancett\u0105 i parmezanem.<\/p>\n<\/div><\/div>\n\n<div class=\"et_pb_heading_13 et_pb_heading et_pb_module et_block_module preset--module--divi-heading--a3805066-8711-43c7-9f62-5782da0e9f7a\"><div class=\"et_pb_heading_container\"><h5 class=\"et_pb_module_header\">Risotto ai Funghi<\/h5><\/div><\/div>\n\n<div class=\"et_pb_text_18 et_pb_text et_pb_bg_layout_light et_pb_module et_block_module preset--module--divi-text--2c55a9c4-feed-423b-9edb-ae0b5b365cac\"><div class=\"et_pb_text_inner\"><p>Kremowe risotto z grzybami le\u015bnymi.<\/p>\n<\/div><\/div>\n\n<div class=\"et_pb_text_19 et_pb_text et_pb_bg_layout_light et_pb_module et_block_module ai_ignore_all preset--module--divi-text--2c55a9c4-feed-423b-9edb-ae0b5b365cac\"><div class=\"et_pb_text_inner\"><p>42 PLN<\/p>\n<\/div><\/div>\n\n<div class=\"et_pb_heading_14 et_pb_heading et_pb_module et_block_module preset--module--divi-heading--a3805066-8711-43c7-9f62-5782da0e9f7a\"><div class=\"et_pb_heading_container\"><h5 class=\"et_pb_module_header\">Gnocchi al Pesto<\/h5><\/div><\/div>\n\n<div class=\"et_pb_text_20 et_pb_text et_pb_bg_layout_light et_pb_module et_block_module preset--module--divi-text--2c55a9c4-feed-423b-9edb-ae0b5b365cac\"><div class=\"et_pb_text_inner\"><p>Delikatne gnocchi z sosem pesto.<\/p>\n<\/div><\/div>\n\n<div class=\"et_pb_text_21 et_pb_text et_pb_bg_layout_light et_pb_module et_block_module ai_ignore_all preset--module--divi-text--2c55a9c4-feed-423b-9edb-ae0b5b365cac\"><div class=\"et_pb_text_inner\"><p>36 PLN<\/p>\n<\/div><\/div>\n<\/div>\n<\/div>\n<\/div>","protected":false},"excerpt":{"rendered":"","protected":false},"author":1,"featured_media":0,"parent":0,"menu_order":0,"comment_status":"closed","ping_status":"closed","template":"","meta":{"footnotes":""},"class_list":["post-77","page","type-page","status-publish","hentry"],"_links":{"self":[{"href":"https:\/\/ristoranteroma.pl\/index.php\/wp-json\/wp\/v2\/pages\/77","targetHints":{"allow":["GET"]}}],"collection":[{"href":"https:\/\/ristoranteroma.pl\/index.php\/wp-json\/wp\/v2\/pages"}],"about":[{"href":"https:\/\/ristoranteroma.pl\/index.php\/wp-json\/wp\/v2\/types\/page"}],"author":[{"embeddable":true,"href":"https:\/\/ristoranteroma.pl\/index.php\/wp-json\/wp\/v2\/users\/1"}],"replies":[{"embeddable":true,"href":"https:\/\/ristoranteroma.pl\/index.php\/wp-json\/wp\/v2\/comments?post=77"}],"version-history":[{"count":5,"href":"https:\/\/ristoranteroma.pl\/index.php\/wp-json\/wp\/v2\/pages\/77\/revisions"}],"predecessor-version":[{"id":110,"href":"https:\/\/ristoranteroma.pl\/index.php\/wp-json\/wp\/v2\/pages\/77\/revisions\/110"}],"wp:attachment":[{"href":"https:\/\/ristoranteroma.pl\/index.php\/wp-json\/wp\/v2\/media?parent=77"}],"curies":[{"name":"wp","href":"https:\/\/api.w.org\/{rel}","templated":true}]}}